{"id":18666,"date":"2022-07-02T20:25:23","date_gmt":"2022-07-02T18:25:23","guid":{"rendered":"https:\/\/emotionplanet.com\/you\/charter-of-a-traveler\/"},"modified":"2025-02-03T11:04:11","modified_gmt":"2025-02-03T10:04:11","slug":"charter-of-a-traveler","status":"publish","type":"page","link":"https:\/\/emotionplanet.com\/en\/you\/charter-of-a-traveler\/","title":{"rendered":"Charter of a Traveler"},"content":{"rendered":"<p><div class=\"fusion-fullwidth fullwidth-box fusion-builder-row-1 fusion-flex-container has-pattern-background has-mask-background nonhundred-percent-fullwidth non-hundred-percent-height-scrolling\" style=\"--awb-border-radius-top-left:0px;--awb-border-radius-top-right:0px;--awb-border-radius-bottom-right:0px;--awb-border-radius-bottom-left:0px;--awb-margin-bottom:-20px;--awb-flex-wrap:wrap;\" ><div class=\"fusion-builder-row fusion-row fusion-flex-align-items-flex-start fusion-flex-content-wrap\" style=\"max-width:1216.8px;margin-left: calc(-4% \/ 2 );margin-right: calc(-4% \/ 2 );\"><div class=\"fusion-layout-column fusion_builder_column fusion-builder-column-0 fusion_builder_column_1_1 1_1 fusion-flex-column\" style=\"--awb-bg-size:cover;--awb-width-large:100%;--awb-margin-top-large:0px;--awb-spacing-right-large:1.92%;--awb-margin-bottom-large:20px;--awb-spacing-left-large:1.92%;--awb-width-medium:100%;--awb-order-medium:0;--awb-spacing-right-medium:1.92%;--awb-spacing-left-medium:1.92%;--awb-width-small:100%;--awb-order-small:0;--awb-spacing-right-small:1.92%;--awb-spacing-left-small:1.92%;\"><div class=\"fusion-column-wrapper fusion-column-has-shadow fusion-flex-justify-content-flex-start fusion-content-layout-column\"><div class=\"fusion-title title fusion-title-1 fusion-title-text fusion-title-size-one\"><div class=\"title-sep-container title-sep-container-left fusion-no-large-visibility fusion-no-medium-visibility fusion-no-small-visibility\"><div class=\"title-sep sep- sep-solid\" style=\"border-color:var(--awb-color3);\"><\/div><\/div><span class=\"awb-title-spacer fusion-no-large-visibility fusion-no-medium-visibility fusion-no-small-visibility\"><\/span><h1 class=\"fusion-title-heading title-heading-left fusion-responsive-typography-calculated\" style=\"margin:0;--fontSize:42;line-height:1.2;\">Charter for an Eco-Responsible Traveler<\/h1><span class=\"awb-title-spacer\"><\/span><div class=\"title-sep-container title-sep-container-right\"><div class=\"title-sep sep- sep-solid\" style=\"border-color:var(--awb-color3);\"><\/div><\/div><\/div><\/div><\/div><\/div><\/div><div class=\"fusion-fullwidth fullwidth-box fusion-builder-row-2 fusion-flex-container has-pattern-background has-mask-background nonhundred-percent-fullwidth non-hundred-percent-height-scrolling\" style=\"--awb-border-radius-top-left:0px;--awb-border-radius-top-right:0px;--awb-border-radius-bottom-right:0px;--awb-border-radius-bottom-left:0px;--awb-padding-top:20px;--awb-padding-right:10px;--awb-padding-left:10px;--awb-background-color:var(--awb-color2);--awb-flex-wrap:wrap;\" ><div class=\"fusion-builder-row fusion-row fusion-flex-align-items-flex-start fusion-flex-content-wrap\" style=\"max-width:1216.8px;margin-left: calc(-4% \/ 2 );margin-right: calc(-4% \/ 2 );\"><div class=\"fusion-layout-column fusion_builder_column fusion-builder-column-1 fusion_builder_column_1_1 1_1 fusion-flex-column\" style=\"--awb-bg-size:cover;--awb-width-large:100%;--awb-margin-top-large:-30px;--awb-spacing-right-large:1.92%;--awb-margin-bottom-large:20px;--awb-spacing-left-large:1.92%;--awb-width-medium:100%;--awb-order-medium:0;--awb-spacing-right-medium:1.92%;--awb-spacing-left-medium:1.92%;--awb-width-small:100%;--awb-order-small:0;--awb-spacing-right-small:1.92%;--awb-spacing-left-small:1.92%;\"><div class=\"fusion-column-wrapper fusion-column-has-shadow fusion-flex-justify-content-flex-start fusion-content-layout-column\"><div class=\"fusion-text fusion-text-1\"><h3 class=\"fusion-responsive-typography-calculated\" style=\"--fontsize: 24; line-height: 1.2;\" data-fontsize=\"24\" data-lineheight=\"28.8px\"><span style=\"color: #6666a4;\"><strong>Become aware of its impact and act accordingly<\/strong><\/span><\/h3>\n<p><i><\/i><span style=\"font-weight: 400;\">Traveling without impacting life, the earth and people is not possible. As soon as we breathe, we <\/span><b> let&#8217;s impact the living<\/b><span style=\"font-weight: 400;\">. Pourtant, voyager autrement, avec conscience des enjeux et respects des diff\u00e9rents acteurs, est \u00e0 notre port\u00e9e.   <\/span><\/p>\n<p><span style=\"font-weight: 400;\">Choosing to travel with an agency committed to strong values is a first step that should not be underestimated. For <strong>Emotion<\/strong> <strong>Planet<\/strong>, the golden rule for an eco-responsible traveler is : <\/span><\/p>\n<ul>\n<li aria-level=\"1\">not to lie to yourself;<\/li>\n<li aria-level=\"1\">to open our eyes to realities;<\/li>\n<li aria-level=\"1\">to be <b>aware of its impact<\/b> at all levels.<\/li>\n<\/ul>\n<p>While awareness is essential, action is indispensable. Finding the <b>right balance<\/b> is essential, as is compensating for the <b>negative aspects of travel <\/b>.<br \/>\n<span style=\"font-weight: 400;\">It is also important for us to remember that guilt is of little use. The idea is to evolve and always do your best, each at your own level, at your own pace, while dealing with your experience and reality. This is the solution for   <\/span><b>towards a better world<\/b><span style=\"font-weight: 400;\">&#8230;<\/span><\/p>\n<p><em><span style=\"color: #6666a4;\"><span style=\"font-weight: 400;\">\u201cOne day,\u201d says the legend, \u201cthere was a huge forest fire. All the terrified and dismayed animals watched helplessly at the disaster. Only the little hummingbird is active, fetching a few drops of water in its beak to throw on the fire. After a while, the armadillo, annoyed by his ridiculous actions, said to him:<br \/>\n<\/span><span style=\"font-weight: 400;\">&#8220;Hummingbird! Are you crazy? You think you&#8217;re going to put out the fire with those drops of water?&#8221;<br \/>\n<\/span><span style=\"font-weight: 400;\">I know,&#8221; replies the hummingbird, &#8220;but I&#8217;m doing my bit.<br \/>\n<\/span><span style=\"font-weight: 400;\">Amerindian legend<\/span><\/span><\/em><\/p>\n<p><span style=\"font-weight: 400;\">By traveling consciously and with respect, you enhance the meetings, sharing and relationships with everyone you meet. This is how you experience moments: <\/span><\/p>\n<ul>\n<li><b>true exchanges<\/b> that nourish you;<\/li>\n<li>concrete sharing with <b>local populations<\/b> (families, workers, etc.);<\/li>\n<li>immersion in the<b> projects of local players<\/b> committed to a better Tomorrow.<\/li>\n<\/ul>\n<p><strong><br \/>\n<span style=\"color: #6666a4;\">The commitment of an eco-responsible traveller<br \/>\n<span style=\"font-weight: 400;\"><br \/>\nBefore the trip, they take the time to learn about the habits and customs of the region of the world they are visiting (the meaning of certain gestures and behaviours, the appropriateness of words <\/span>&#8230;). <\/span><strong><span style=\"color: #6666a4;\"><br \/>\n<\/span><\/strong><\/strong><\/p>\n<h4 class=\"fusion-responsive-typography-calculated\" style=\"--fontsize: 18; line-height: 1.2; --minfontsize: 18;\" data-fontsize=\"18\" data-lineheight=\"21.6px\"><span style=\"color: #6666a4;\">The<\/span><strong><span style=\"color: #6666a4;\"> traveler&#8217;s behavior<\/span><\/strong><\/h4>\n<p>The traveler is responsible for his attitudes and actions.<\/p>\n<ul>\n<li aria-level=\"1\">Travelers behave<strong style=\"font-weight: 400;\"> with respect <\/strong>, never forgetting that they are simply <strong style=\"font-weight: 400;\">privileged guests.<\/strong><\/li>\n<li aria-level=\"1\">The traveler respects <b>customs and traditions<\/b> without judgment.<\/li>\n<li aria-level=\"1\">The traveler imposes <strong>neither his habits nor his lifestyle<\/strong>.<\/li>\n<li style=\"font-weight: 400;\" aria-level=\"1\"><span style=\"font-weight: 400;\">The traveler <strong>respects his natural<\/strong> and human <strong>environment<\/strong> and acts accordingly.  <\/span><\/li>\n<li style=\"font-weight: 400;\" aria-level=\"1\"><span style=\"font-weight: 400;\">The traveler is curious and <strong>genuinely interested in the daily life of the local population.<\/strong> <\/span><\/li>\n<li aria-level=\"1\">The traveler gets involved in the lives of the people he meets or who welcome him.<\/li>\n<li style=\"font-weight: 400;\" aria-level=\"1\"><span style=\"font-weight: 400;\">The traveler<strong>opens up to the Other<\/strong> and his reality, without thinking that he holds the one and only truth. <\/span><\/li>\n<\/ul>\n<h4 class=\"fusion-responsive-typography-calculated\" style=\"--fontsize: 18; line-height: 1.2; --minfontsize: 18;\" data-fontsize=\"18\" data-lineheight=\"21.6px\"><span style=\"color: #6666a4;\"><b>The traveller&#8217;s suitcase <\/b><\/span><\/h4>\n<p><span style=\"font-weight: 400;\">A few tips for packing your bags:<\/span><\/p>\n<ul>\n<li style=\"font-weight: 400;\" aria-level=\"1\"><span style=\"font-weight: 400;\"><strong>pack only the essentials<\/strong> and divide your packed bag by at least two;<\/span><\/li>\n<li style=\"font-weight: 400;\" aria-level=\"1\"><span style=\"font-weight: 400;\">use<strong> natural, biodegradable products<\/strong>:<\/span><\/li>\n<li aria-level=\"1\">Avoid signs of wealth <span style=\"font-weight: 400;\">that may contrast with the local standard of living;<\/span><\/li>\n<li aria-level=\"1\">encourage the <strong style=\"font-weight: 400;\">pooling of resources<\/strong>;<\/li>\n<li aria-level=\"1\">give a second life to your belongings <span style=\"font-weight: 400;\">;<\/span><\/li>\n<li style=\"font-weight: 400;\" aria-level=\"1\"><span style=\"font-weight: 400;\"><strong>Borrow<\/strong> travel <strong>equipment<\/strong> and accessories you don&#8217;t own;<\/span><\/li>\n<li aria-level=\"1\">think twice about what to buy before, during and after your trip.<\/li>\n<\/ul>\n<h4 class=\"fusion-responsive-typography-calculated\" style=\"--fontsize: 18; line-height: 1.2; --minfontsize: 18;\" data-fontsize=\"18\" data-lineheight=\"21.6px\"><span style=\"color: #6666a4;\"><b>Photos from the trip<\/b><\/span><\/h4>\n<p><i><span style=\"font-weight: 400;\">What would you think if, on your street corner or at the entrance to your garden, someone stuck a camera lens in front of your nose and started shooting at you?<br \/>\n<\/span><\/i>Answering this question with sincerity allows you to become aware, with simplicity, of <b>behaviors that are not very appropriate when traveling<\/b> and in life in general. Of course, we understand the importance of creating photo memories. However, we&#8217;d like to remind you that the camera spoils part of your exchanges and the present moment. Remember, the best memories are the ones that stay in your head and in your heart. <span style=\"font-weight: 400;\">So <\/span><b>live this adventure 100%<\/b><span style=\"font-weight: 400;\"> and don&#8217;t become a voyeur<\/span>! And before photographing someone, take the time to ask their permission, and take the opportunity to engage in a dialogue.   <\/p>\n<h4 class=\"fusion-responsive-typography-calculated\" style=\"--fontsize: 18; line-height: 1.2; --minfontsize: 18;\" data-fontsize=\"18\" data-lineheight=\"21.6px\"><span style=\"color: #6666a4;\"><b>Consumer behavior during travel<\/b><\/span><\/h4>\n<ul>\n<li style=\"font-weight: 400;\" aria-level=\"1\"><span style=\"font-weight: 400;\"><strong>Water is precious, so<\/strong> avoid wasting it and take two water bottles with you. Buy in large quantities and divide between travellers.  <\/span><\/li>\n<li style=\"font-weight: 400;\" aria-level=\"1\"><span style=\"font-weight: 400;\">Always take your <strong>waste to the garbage can. <\/strong> <\/span><\/li>\n<li aria-level=\"1\">Are you a smoker? Don&#8217;t throw your cigarette butts on the ground and take a portable ashtray. <\/li>\n<li style=\"font-weight: 400;\" aria-level=\"1\"><span style=\"font-weight: 400;\">Don&#8217;t take souvenirs from natural and archaeological sites. <\/span><\/li>\n<li aria-level=\"1\">Don&#8217;t buy<strong>sacred objects<\/strong> or products from<b>protected species<\/b><span style=\"font-weight: 400;\">. <\/span> <\/li>\n<li aria-level=\"1\">Try to find useful souvenirs from a small <strong>local artisan<\/strong><strong style=\"font-weight: 400;\">.<\/strong><\/li>\n<\/ul>\n<p>The principle of not displaying prices and haggling is not dedicated to tourists. On the other hand, not everything can be haggled over, and not everything is free. Ask your guide for advice before approaching a purchase or negotiation. Once you&#8217;ve started talking, he won&#8217;t be able to intervene. Avoid asking for a price out of curiosity, or you&#8217;ll end up in a never-ending discussion. Before negotiating, think about the price you&#8217;re willing to pay for the item you&#8217;re interested in.     <\/p>\n<h4 class=\"fusion-responsive-typography-calculated\" style=\"--fontsize: 18; line-height: 1.2; --minfontsize: 18;\" data-fontsize=\"18\" data-lineheight=\"21.6px\"><span style=\"color: #6666a4;\"><b>Donations abroad<\/b><\/span><\/h4>\n<p><span style=\"font-weight: 400;\">To avoid tarnishing genuine exchanges with the local population, never hand out donations of any kind. Avoid giving money, except for expected tips. It&#8217;s essential to organize donations and adapt to local realities. Don&#8217;t forget to ask your guide and\/or tour leader for information on how to make a well-considered and appropriate donation (through a public distribution, by taking part in an association&#8217;s project, by talking to the people in charge of a village or institution&#8230;).   <\/span><\/p>\n<ul>\n<li aria-level=\"1\">Travelers should avoid encouraging begging, especially by children.<\/li>\n<li aria-level=\"1\">The traveler relies on<b> local support to make any donation<\/b>.<\/li>\n<li aria-level=\"1\">The traveler honors his commitments to the people he meets during his stay.<\/li>\n<li aria-level=\"1\">Travelers must <b>report any serious <\/b>or intolerable <b>situation <\/b>to their local guide or <strong style=\"font-weight: 400;\">Emotion<\/strong> <strong style=\"font-weight: 400;\">Planet<\/strong>advisor.<\/li>\n<li aria-level=\"1\"><span style=\"font-weight: 400;\">The traveler<\/span> <b>denounces sexual exploitation<\/b>.<\/li>\n<li aria-level=\"1\">The traveler is not a lesson giver, and lives the experience with<b> respect and kindness<\/b>.<\/li>\n<li aria-level=\"1\">Travelers generously share their experiences with friends and family, or on social networks, to bear witness to the shared riches and fragility of the planet.<\/li>\n<li aria-level=\"1\">The traveler gives others the benefit of advice on how to travel differently, and brings greater awareness to<span style=\"font-weight: 400;\">everyone. <\/span> <\/li>\n<\/ul>\n<h4 class=\"fusion-responsive-typography-calculated\" style=\"--fontsize: 18; line-height: 1.2; --minfontsize: 18;\" data-fontsize=\"18\" data-lineheight=\"21.6px\"><span style=\"color: #6666a4;\"><b>Offsetting a trip&#8217;s CO2 emissions<\/b><\/span><\/h4>\n<p><span style=\"font-weight: 400;\">Every year, <strong>Emotion<\/strong> <strong>Planet<\/strong>allocates a budget for the planting of forests and fruit trees. These human-scale projects make sense. You can participate by making a donation to offset your impact, or by taking part in our active field days.   <\/span><\/p>\n<p><span style=\"font-weight: 400;\">Finally, let&#8217;s not forget to<strong>align our words, thoughts and actions at all times!<\/strong><\/span><\/p>\n<\/div><\/div><\/div><\/div><\/div><div class=\"fusion-fullwidth fullwidth-box fusion-builder-row-3 fusion-flex-container has-pattern-background has-mask-background nonhundred-percent-fullwidth non-hundred-percent-height-scrolling\" style=\"--awb-border-radius-top-left:0px;--awb-border-radius-top-right:0px;--awb-border-radius-bottom-right:0px;--awb-border-radius-bottom-left:0px;--awb-padding-bottom:0px;--awb-margin-bottom:-110px;--awb-flex-wrap:wrap;\" ><div class=\"fusion-builder-row fusion-row fusion-flex-align-items-flex-start fusion-flex-content-wrap\" style=\"max-width:1216.8px;margin-left: calc(-4% \/ 2 );margin-right: calc(-4% \/ 2 );\"><div class=\"fusion-layout-column fusion_builder_column fusion-builder-column-2 fusion_builder_column_1_1 1_1 fusion-flex-column\" style=\"--awb-bg-size:cover;--awb-width-large:100%;--awb-margin-top-large:0px;--awb-spacing-right-large:1.92%;--awb-margin-bottom-large:20px;--awb-spacing-left-large:1.92%;--awb-width-medium:100%;--awb-order-medium:0;--awb-spacing-right-medium:1.92%;--awb-spacing-left-medium:1.92%;--awb-width-small:100%;--awb-order-small:0;--awb-spacing-right-small:1.92%;--awb-spacing-left-small:1.92%;\"><div class=\"fusion-column-wrapper fusion-column-has-shadow fusion-flex-justify-content-flex-start fusion-content-layout-column\"><div class=\"fusion-content-boxes content-boxes columns row fusion-columns-5 fusion-columns-total-5 fusion-content-boxes-1 content-boxes-icon-on-top content-left fusion-delayed-animation\" style=\"--awb-iconcolor:var(--awb-color5);--awb-hover-accent-color:hsla(var(--awb-color8-h),var(--awb-color8-s),calc( var(--awb-color8-l) + 88% ),var(--awb-color8-a));--awb-circle-hover-accent-color:transparent;\" data-animation-delay=\"300\" data-animationOffset=\"top-into-view\"><div style=\"--awb-backgroundcolor:rgba(255,255,255,0);--awb-iconcolor:var(--awb-color5);\" class=\"fusion-column content-box-column content-box-column-1 col-lg-2 col-md-2 col-sm-2 fusion-content-box-hover content-box-column-first-in-row\"><div class=\"col content-box-wrapper content-wrapper link-area-box link-type-button icon-hover-animation-slide fusion-animated\" data-link=\"https:\/\/emotionplanet.com\/en\/emotion-planet\/who-are-we\/\" data-link-target=\"_blank\" data-animationType=\"fadeInUp\" data-animationDuration=\"0.3\" data-animationOffset=\"top-into-view\"><div class=\"heading heading-with-icon icon-left\"><a class=\"heading-link\" href=\"https:\/\/emotionplanet.com\/en\/emotion-planet\/who-are-we\/\" target=\"_blank\" rel=\"noopener noreferrer\"><div aria-hidden=\"true\" class=\"image\"><img decoding=\"async\" class=\"lazyload\" src=\"data:image\/svg+xml,%3Csvg%20xmlns%3D%27http%3A%2F%2Fwww.w3.org%2F2000%2Fsvg%27%20width%3D%27454%27%20height%3D%27454%27%20viewBox%3D%270%200%20454%20454%27%3E%3Crect%20width%3D%27454%27%20height%3D%27454%27%20fill-opacity%3D%220%22%2F%3E%3C%2Fsvg%3E\" data-orig-src=\"https:\/\/emotionplanet.com\/wp-content\/uploads\/2022\/07\/Emotion-Planet-20-ans-1-300x300.png\" width=\"85\" height=\"85\" alt=\"\" \/><\/div><h2 class=\"content-box-heading fusion-responsive-typography-calculated\" style=\"--h2_typography-font-size:20px;--fontSize:20;line-height:var(--awb-typography1-line-height);\">For over 20 years<\/h2><\/a><\/div><\/div><\/div><div style=\"--awb-backgroundcolor:rgba(255,255,255,0);--awb-iconcolor:var(--awb-color5);\" class=\"fusion-column content-box-column content-box-column-2 col-lg-2 col-md-2 col-sm-2 fusion-content-box-hover \"><div class=\"col content-box-wrapper content-wrapper link-area-box link-type-button icon-hover-animation-slide fusion-animated\" data-link=\"https:\/\/emotionplanet.com\/vous\/compensation-carbone\/\" data-link-target=\"_blank\" data-animationType=\"fadeInUp\" data-animationDuration=\"0.3\" data-animationOffset=\"top-into-view\"><div class=\"heading heading-with-icon icon-left\"><a class=\"heading-link\" href=\"https:\/\/emotionplanet.com\/vous\/compensation-carbone\/\" target=\"_blank\" rel=\"noopener noreferrer\"><div aria-hidden=\"true\" class=\"image\"><img decoding=\"async\" class=\"lazyload\" src=\"data:image\/svg+xml,%3Csvg%20xmlns%3D%27http%3A%2F%2Fwww.w3.org%2F2000%2Fsvg%27%20width%3D%27454%27%20height%3D%27454%27%20viewBox%3D%270%200%20454%20454%27%3E%3Crect%20width%3D%27454%27%20height%3D%27454%27%20fill-opacity%3D%220%22%2F%3E%3C%2Fsvg%3E\" data-orig-src=\"https:\/\/emotionplanet.com\/wp-content\/uploads\/2022\/07\/Emotion-Planet-CO2-150x150.png\" width=\"85\" height=\"85\" alt=\"\" \/><\/div><h2 class=\"content-box-heading fusion-responsive-typography-calculated\" style=\"--h2_typography-font-size:20px;--fontSize:20;line-height:var(--awb-typography1-line-height);\">CO2 absorption<\/h2><\/a><\/div><\/div><\/div><div style=\"--awb-backgroundcolor:rgba(255,255,255,0);--awb-iconcolor:var(--awb-color5);\" class=\"fusion-column content-box-column content-box-column-3 col-lg-2 col-md-2 col-sm-2 fusion-content-box-hover \"><div class=\"col content-box-wrapper content-wrapper link-area-box link-type-button icon-hover-animation-slide fusion-animated\" data-link=\"https:\/\/emotionplanet.com\/en\/emotion-planet\/who-are-we\/\" data-link-target=\"_blank\" data-animationType=\"fadeInUp\" data-animationDuration=\"0.3\" data-animationOffset=\"top-into-view\"><div class=\"heading heading-with-icon icon-left\"><a class=\"heading-link\" href=\"https:\/\/emotionplanet.com\/en\/emotion-planet\/who-are-we\/\" target=\"_blank\" rel=\"noopener noreferrer\"><div aria-hidden=\"true\" class=\"image\"><img decoding=\"async\" class=\"lazyload\" src=\"data:image\/svg+xml,%3Csvg%20xmlns%3D%27http%3A%2F%2Fwww.w3.org%2F2000%2Fsvg%27%20width%3D%27454%27%20height%3D%27454%27%20viewBox%3D%270%200%20454%20454%27%3E%3Crect%20width%3D%27454%27%20height%3D%27454%27%20fill-opacity%3D%220%22%2F%3E%3C%2Fsvg%3E\" data-orig-src=\"https:\/\/emotionplanet.com\/wp-content\/uploads\/2022\/07\/Emotion-Planet-guide-150x150.png\" width=\"85\" height=\"85\" alt=\"\" \/><\/div><h2 class=\"content-box-heading fusion-responsive-typography-calculated\" style=\"--h2_typography-font-size:20px;--fontSize:20;line-height:var(--awb-typography1-line-height);\">French Guides<\/h2><\/a><\/div><\/div><\/div><div style=\"--awb-backgroundcolor:rgba(255,255,255,0);--awb-iconcolor:var(--awb-color5);\" class=\"fusion-column content-box-column content-box-column-4 col-lg-2 col-md-2 col-sm-2 fusion-content-box-hover \"><div class=\"col content-box-wrapper content-wrapper link-area-box link-type-button icon-hover-animation-slide fusion-animated\" data-link=\"https:\/\/emotionplanet.com\/vous\/charte-diun-voyageur-eco-responsable\/\" data-link-target=\"_blank\" data-animationType=\"fadeInUp\" data-animationDuration=\"0.3\" data-animationOffset=\"top-into-view\"><div class=\"heading heading-with-icon icon-left\"><a class=\"heading-link\" href=\"https:\/\/emotionplanet.com\/vous\/charte-diun-voyageur-eco-responsable\/\" target=\"_blank\" rel=\"noopener noreferrer\"><div aria-hidden=\"true\" class=\"image\"><img decoding=\"async\" class=\"lazyload\" src=\"data:image\/svg+xml,%3Csvg%20xmlns%3D%27http%3A%2F%2Fwww.w3.org%2F2000%2Fsvg%27%20width%3D%27454%27%20height%3D%27454%27%20viewBox%3D%270%200%20454%20454%27%3E%3Crect%20width%3D%27454%27%20height%3D%27454%27%20fill-opacity%3D%220%22%2F%3E%3C%2Fsvg%3E\" data-orig-src=\"https:\/\/emotionplanet.com\/wp-content\/uploads\/2022\/07\/Emotion-Planet-Durable-150x150.png\" width=\"85\" height=\"85\" alt=\"\" \/><\/div><h2 class=\"content-box-heading fusion-responsive-typography-calculated\" style=\"--h2_typography-font-size:20px;--fontSize:20;line-height:var(--awb-typography1-line-height);\">Sustainable travel<\/h2><\/a><\/div><\/div><\/div><div style=\"--awb-backgroundcolor:rgba(255,255,255,0);--awb-iconcolor:var(--awb-color5);\" class=\"fusion-column content-box-column content-box-column-5 col-lg-2 col-md-2 col-sm-2 fusion-content-box-hover content-box-column-last content-box-column-last-in-row\"><div class=\"col content-box-wrapper content-wrapper link-area-box link-type-button icon-hover-animation-slide fusion-animated\" data-link=\"https:\/\/emotionplanet.com\/en\/emotion-planet\/testimonials\/\" data-link-target=\"_blank\" data-animationType=\"fadeInUp\" data-animationDuration=\"0.3\" data-animationOffset=\"top-into-view\"><div class=\"heading heading-with-icon icon-left\"><a class=\"heading-link\" href=\"https:\/\/emotionplanet.com\/en\/emotion-planet\/testimonials\/\" target=\"_blank\" rel=\"noopener noreferrer\"><div aria-hidden=\"true\" class=\"image\"><img decoding=\"async\" class=\"lazyload\" src=\"data:image\/svg+xml,%3Csvg%20xmlns%3D%27http%3A%2F%2Fwww.w3.org%2F2000%2Fsvg%27%20width%3D%27454%27%20height%3D%27454%27%20viewBox%3D%270%200%20454%20454%27%3E%3Crect%20width%3D%27454%27%20height%3D%27454%27%20fill-opacity%3D%220%22%2F%3E%3C%2Fsvg%3E\" data-orig-src=\"https:\/\/emotionplanet.com\/wp-content\/uploads\/2022\/07\/Emotion-Planet--150x150.png\" width=\"85\" height=\"85\" alt=\"\" \/><\/div><h2 class=\"content-box-heading fusion-responsive-typography-calculated\" style=\"--h2_typography-font-size:20px;--fontSize:20;line-height:var(--awb-typography1-line-height);\">Satisfaction 96<\/h2><\/a><\/div><\/div><\/div><div class=\"fusion-clearfix\"><\/div><\/div><\/div><\/div><\/div><\/div><\/p>\n","protected":false},"excerpt":{"rendered":"","protected":false},"author":1,"featured_media":16375,"parent":18649,"menu_order":40,"comment_status":"closed","ping_status":"closed","template":"","meta":{"_acf_changed":false,"footnotes":""},"class_list":["post-18666","page","type-page","status-publish","has-post-thumbnail","hentry"],"acf":[],"_links":{"self":[{"href":"https:\/\/emotionplanet.com\/en\/wp-json\/wp\/v2\/pages\/18666","targetHints":{"allow":["GET"]}}],"collection":[{"href":"https:\/\/emotionplanet.com\/en\/wp-json\/wp\/v2\/pages"}],"about":[{"href":"https:\/\/emotionplanet.com\/en\/wp-json\/wp\/v2\/types\/page"}],"author":[{"embeddable":true,"href":"https:\/\/emotionplanet.com\/en\/wp-json\/wp\/v2\/users\/1"}],"replies":[{"embeddable":true,"href":"https:\/\/emotionplanet.com\/en\/wp-json\/wp\/v2\/comments?post=18666"}],"version-history":[{"count":0,"href":"https:\/\/emotionplanet.com\/en\/wp-json\/wp\/v2\/pages\/18666\/revisions"}],"up":[{"embeddable":true,"href":"https:\/\/emotionplanet.com\/en\/wp-json\/wp\/v2\/pages\/18649"}],"wp:featuredmedia":[{"embeddable":true,"href":"https:\/\/emotionplanet.com\/en\/wp-json\/wp\/v2\/media\/16375"}],"wp:attachment":[{"href":"https:\/\/emotionplanet.com\/en\/wp-json\/wp\/v2\/media?parent=18666"}],"curies":[{"name":"wp","href":"https:\/\/api.w.org\/{rel}","templated":true}]}}